{"id":408,"date":"2022-03-18T15:02:13","date_gmt":"2022-03-18T15:02:13","guid":{"rendered":"https:\/\/forseti.devrouge.com\/about-us\/"},"modified":"2022-04-20T18:43:33","modified_gmt":"2022-04-20T18:43:33","slug":"about-us","status":"publish","type":"page","link":"https:\/\/forseti.devrouge.com\/en\/about-us\/","title":{"rendered":"About us"},"content":{"rendered":"<div class=\"wpb-content-wrapper\">[mk_page_section vertical_align=&#8221;center&#8221; bg_image=&#8221;https:\/\/forseti.devrouge.com\/wp-content\/uploads\/2022\/03\/header-forseti-a-propos.jpg&#8221; bg_color=&#8221;rgba(14,41,62,0.8)&#8221; blend_mode=&#8221;multiply&#8221; bg_position=&#8221;center center&#8221; bg_repeat=&#8221;no-repeat&#8221; bg_stretch=&#8221;true&#8221; el_class=&#8221;section-header&#8221; sidebar=&#8221;sidebar-1&#8243;][vc_column][vc_column_text disable_pattern=&#8221;false&#8221; css=&#8221;.vc_custom_1647614724947{margin-bottom: 0px !important;}&#8221;]\n<h1>About<br \/>\nForseti<\/h1>\n[\/vc_column_text][\/vc_column][\/mk_page_section][vc_row fullwidth=&#8221;true&#8221; fullwidth_content=&#8221;false&#8221;][vc_column][mk_padding_divider size=&#8221;75&#8243;][vc_column_text disable_pattern=&#8221;false&#8221; el_class=&#8221;section-padding&#8221; css=&#8221;.vc_custom_1649173677616{margin-bottom: 0px !important;}&#8221;]\n<h2>Our story<\/h2>\n<p>Practising since 1991 and partners since 2001, Mr. Jean-R\u00e9mi Thibault and Mr. St\u00e9phane Cl\u00e9roux, along with their team, founded Forseti in December 2021, a litigation and dispute resolution boutique specializing in civil and commercial law.<\/p>\n<p>With many years of experience and a solid reputation with the courts and their colleagues, the Forseti team strives for excellence when it comes to being a trusted partner with their clients.<\/p>\n<p>Forseti is also the litigation boutique of choice within the industry, whether to represent a client in court, arbitration, mediation or to act as an arbitrator or mediator.[\/vc_column_text][mk_padding_divider size=&#8221;75&#8243;][\/vc_column][\/vc_row][vc_row fullwidth=&#8221;true&#8221; css=&#8221;.vc_custom_1647616374585{margin-right: 0px !important;padding-right: 0px !important;background-color: #0e293e !important;}&#8221; el_class=&#8221;overflow-visible&#8221;][vc_column css=&#8221;.vc_custom_1647616243201{padding-right: 0px !important;}&#8221;][mk_padding_divider size=&#8221;50&#8243;][vc_row_inner css=&#8221;.vc_custom_1647616323436{margin-right: 0px !important;padding-right: 0px !important;}&#8221;][vc_column_inner width=&#8221;1\/2&#8243;][mk_padding_divider size=&#8221;50&#8243;][vc_column_text disable_pattern=&#8221;false&#8221; el_class=&#8221;txt-blanc section-block-padding&#8221; css=&#8221;.vc_custom_1649697702137{margin-bottom: 0px !important;}&#8221;]\n<h2>Our mission<\/h2>\n<p>We strive to build and develop a professional business relationship that is based on trust, communication and quality legal services.<\/p>\n<p>Known for our expertise and approach, we make it our mission to support you in the litigation or dispute resolution process, ensure a defence that&#8217;s in your best interest, and ensure your rights are respected before the civil courts during arbitration and mediation.<\/p>\n<p>Helping you achieve your goals is what drives us. Your success and achievements are important to us.[\/vc_column_text][\/vc_column_inner][vc_column_inner width=&#8221;1\/2&#8243; css=&#8221;.vc_custom_1647616262294{padding-right: 0px !important;}&#8221;][vc_single_image image=&#8221;79&#8243; img_size=&#8221;full&#8221; alignment=&#8221;right&#8221; css_animation=&#8221;right-to-left&#8221; el_class=&#8221;img-position-01&#8243; css=&#8221;.vc_custom_1647616275065{margin-right: 0px !important;padding-right: 0px !important;}&#8221;][\/vc_column_inner][\/vc_row_inner][mk_padding_divider size=&#8221;50&#8243;][\/vc_column][\/vc_row][vc_row fullwidth=&#8221;true&#8221; fullwidth_content=&#8221;false&#8221; el_class=&#8221;trigger-anim1&#8243;][vc_column][mk_padding_divider size=&#8221;100&#8243;][mk_padding_divider size=&#8221;75&#8243;][vc_column_text disable_pattern=&#8221;false&#8221; el_class=&#8221;section-padding&#8221; css=&#8221;.vc_custom_1649173918502{margin-bottom: 0px !important;}&#8221;]\n<h2>Our promise, our guarantee<\/h2>\n<p>We use all means at our disposal and spare no effort when it comes to resolving your disputes and defending your rights with integrity, and always in a practical, reasonable, proportional and transparent manner.<\/p>\n<p>Our involvement, accessibility, flexibility, efficiency and frank communication all contribute to the development of solid professional relationships. We stand by you when you need quality legal advisers, in situations where you need to be surrounded by a strong team that you can trust.<\/p>\n<p>Because each case is unique, we appoint and involve the lawyers best able to represent you based on their experience, expertise and availability, while keeping in mind your needs and the challenges of the case.[\/vc_column_text][mk_padding_divider size=&#8221;75&#8243;][\/vc_column][\/vc_row][vc_row fullwidth=&#8221;true&#8221; css=&#8221;.vc_custom_1647544086842{margin-left: 0px !important;padding-left: 0px !important;}&#8221;][vc_column css=&#8221;.vc_custom_1647541684804{padding-left: 0px !important;}&#8221;][mk_padding_divider size=&#8221;75&#8243;][vc_row_inner][vc_column_inner width=&#8221;1\/2&#8243; css=&#8221;.vc_custom_1647541713130{padding-left: 0px !important;}&#8221;][vc_single_image image=&#8221;384&#8243; img_size=&#8221;full&#8221; alignment=&#8221;center&#8221; css_animation=&#8221;left-to-right&#8221;][\/vc_column_inner][vc_column_inner width=&#8221;1\/2&#8243;][vc_column_text disable_pattern=&#8221;false&#8221; el_class=&#8221;section-right-padding&#8221; css=&#8221;.vc_custom_1649698078464{margin-bottom: 0px !important;}&#8221;]\n<h2>Our inspiration<\/h2>\n<p>Evoking strength, integrity and transparency, the Forseti name also has a mythological and folkloric meaning. Forseti has its origins in Norse mythology and represents the god of justice, law and reconciliation. It is represented as a judge, as well as a guardian and protector of laws. The representation associated with the Norse God is aligned with Forseti\u2019s values and reinforces the team\u2019s core values of benevolence, justice, fairness and transparency.[\/vc_column_text][mk_padding_divider size=&#8221;25&#8243;][mk_button dimension=&#8221;flat&#8221; size=&#8221;large&#8221; url=&#8221;\/en\/our-services\/&#8221; margin_bottom=&#8221;0&#8243; margin_right=&#8221;0&#8243; el_class=&#8221;btn&#8221;]Learn more[\/mk_button][\/vc_column_inner][\/vc_row_inner][mk_padding_divider size=&#8221;75&#8243;][\/vc_column][\/vc_row]\n<\/div>","protected":false},"excerpt":{"rendered":"<p>[mk_page_section vertical_align=&#8221;center&#8221; bg_image=&#8221;https:\/\/forseti.devrouge.com\/wp-content\/uploads\/2022\/03\/header-forseti-a-propos.jpg&#8221; bg_color=&#8221;rgba(14,41,62,0.8)&#8221; blend_mode=&#8221;multiply&#8221; bg_position=&#8221;center center&#8221; bg_repeat=&#8221;no-repeat&#8221; bg_stretch=&#8221;true&#8221; el_class=&#8221;section-header&#8221; sidebar=&#8221;sidebar-1&#8243;][vc_column][vc_column_text disable_pattern=&#8221;false&#8221; css=&#8221;.vc_custom_1647614724947{margin-bottom: 0px !important;}&#8221;] About Forseti [\/vc_column_text][\/vc_column][\/mk_page_section][vc_row fullwidth=&#8221;true&#8221; fullwidth_content=&#8221;false&#8221;][vc_column][mk_padding_divider size=&#8221;75&#8243;][vc_column_text disable_pattern=&#8221;false&#8221; el_class=&#8221;section-padding&#8221; css=&#8221;.vc_custom_1649173677616{margin-bottom: 0px !important;}&#8221;] Our story Practising since 1991 and partners since 2001, Mr. Jean-R\u00e9mi Thibault and Mr. St\u00e9phane Cl\u00e9roux, along with their team, founded Forseti in December 2021, a litigation and dispute [&hellip;]<\/p>\n","protected":false},"author":1,"featured_media":0,"parent":0,"menu_order":0,"comment_status":"closed","ping_status":"closed","template":"","meta":{"_acf_changed":false,"footnotes":""},"class_list":["post-408","page","type-page","status-publish","hentry"],"acf":[],"yoast_head":"<!-- This site is optimized with the Yoast SEO plugin v27.4 - https:\/\/yoast.com\/product\/yoast-seo-wordpress\/ -->\n<title>Forseti - Litigation and Dispute Resolution Boutique | About Us<\/title>\n<meta name=\"description\" content=\"Forseti is a Montr\u00e9al-based dispute prevention and resolution firm specializing in civil and commercial law, representing entrepreneurs and individuals.\" \/>\n<meta name=\"robots\" content=\"index, follow, max-snippet:-1, max-image-preview:large, max-video-preview:-1\" \/>\n<link rel=\"canonical\" href=\"https:\/\/forsetiavocats.ca\/en\/about-us\/\" \/>\n<meta property=\"og:locale\" content=\"en_US\" \/>\n<meta property=\"og:type\" content=\"article\" \/>\n<meta property=\"og:title\" content=\"Forseti - Litigation and Dispute Resolution Boutique | About Us\" \/>\n<meta property=\"og:description\" content=\"Forseti is a Montr\u00e9al-based dispute prevention and resolution firm specializing in civil and commercial law, representing entrepreneurs and individuals.\" \/>\n<meta property=\"og:url\" content=\"https:\/\/forsetiavocats.ca\/en\/about-us\/\" \/>\n<meta property=\"og:site_name\" content=\"Forseti\" \/>\n<meta property=\"article:modified_time\" content=\"2022-04-20T18:43:33+00:00\" \/>\n<meta name=\"twitter:card\" content=\"summary_large_image\" \/>\n<meta name=\"twitter:label1\" content=\"Est. reading time\" \/>\n\t<meta name=\"twitter:data1\" content=\"4 minutes\" \/>\n<script type=\"application\/ld+json\" class=\"yoast-schema-graph\">{\"@context\":\"https:\\\/\\\/schema.org\",\"@graph\":[{\"@type\":\"WebPage\",\"@id\":\"https:\\\/\\\/forsetiavocats.ca\\\/en\\\/about-us\\\/\",\"url\":\"https:\\\/\\\/forsetiavocats.ca\\\/en\\\/about-us\\\/\",\"name\":\"Forseti - Litigation and Dispute Resolution Boutique | About Us\",\"isPartOf\":{\"@id\":\"https:\\\/\\\/forsetiavocats.ca\\\/#website\"},\"datePublished\":\"2022-03-18T15:02:13+00:00\",\"dateModified\":\"2022-04-20T18:43:33+00:00\",\"description\":\"Forseti is a Montr\u00e9al-based dispute prevention and resolution firm specializing in civil and commercial law, representing entrepreneurs and individuals.\",\"breadcrumb\":{\"@id\":\"https:\\\/\\\/forsetiavocats.ca\\\/en\\\/about-us\\\/#breadcrumb\"},\"inLanguage\":\"en-US\",\"potentialAction\":[{\"@type\":\"ReadAction\",\"target\":[\"https:\\\/\\\/forsetiavocats.ca\\\/en\\\/about-us\\\/\"]}]},{\"@type\":\"BreadcrumbList\",\"@id\":\"https:\\\/\\\/forsetiavocats.ca\\\/en\\\/about-us\\\/#breadcrumb\",\"itemListElement\":[{\"@type\":\"ListItem\",\"position\":1,\"name\":\"Accueil\",\"item\":\"https:\\\/\\\/forsetiavocats.ca\\\/en\\\/\"},{\"@type\":\"ListItem\",\"position\":2,\"name\":\"About us\"}]},{\"@type\":\"WebSite\",\"@id\":\"https:\\\/\\\/forsetiavocats.ca\\\/#website\",\"url\":\"https:\\\/\\\/forsetiavocats.ca\\\/\",\"name\":\"Forseti\",\"description\":\"Boutique litige en r\u00e9solution de diff\u00e9rends.\",\"publisher\":{\"@id\":\"https:\\\/\\\/forsetiavocats.ca\\\/#organization\"},\"potentialAction\":[{\"@type\":\"SearchAction\",\"target\":{\"@type\":\"EntryPoint\",\"urlTemplate\":\"https:\\\/\\\/forsetiavocats.ca\\\/?s={search_term_string}\"},\"query-input\":{\"@type\":\"PropertyValueSpecification\",\"valueRequired\":true,\"valueName\":\"search_term_string\"}}],\"inLanguage\":\"en-US\"},{\"@type\":\"Organization\",\"@id\":\"https:\\\/\\\/forsetiavocats.ca\\\/#organization\",\"name\":\"Forseti - Boutique litige en r\u00e9solution de diff\u00e9rends\",\"url\":\"https:\\\/\\\/forsetiavocats.ca\\\/\",\"logo\":{\"@type\":\"ImageObject\",\"inLanguage\":\"en-US\",\"@id\":\"https:\\\/\\\/forsetiavocats.ca\\\/#\\\/schema\\\/logo\\\/image\\\/\",\"url\":\"https:\\\/\\\/forsetiavocats.ca\\\/wp-content\\\/uploads\\\/2022\\\/03\\\/logo-forseti.png\",\"contentUrl\":\"https:\\\/\\\/forsetiavocats.ca\\\/wp-content\\\/uploads\\\/2022\\\/03\\\/logo-forseti.png\",\"width\":520,\"height\":100,\"caption\":\"Forseti - Boutique litige en r\u00e9solution de diff\u00e9rends\"},\"image\":{\"@id\":\"https:\\\/\\\/forsetiavocats.ca\\\/#\\\/schema\\\/logo\\\/image\\\/\"}}]}<\/script>\n<!-- \/ Yoast SEO plugin. -->","yoast_head_json":{"title":"Forseti - Litigation and Dispute Resolution Boutique | About Us","description":"Forseti is a Montr\u00e9al-based dispute prevention and resolution firm specializing in civil and commercial law, representing entrepreneurs and individuals.","robots":{"index":"index","follow":"follow","max-snippet":"max-snippet:-1","max-image-preview":"max-image-preview:large","max-video-preview":"max-video-preview:-1"},"canonical":"https:\/\/forsetiavocats.ca\/en\/about-us\/","og_locale":"en_US","og_type":"article","og_title":"Forseti - Litigation and Dispute Resolution Boutique | About Us","og_description":"Forseti is a Montr\u00e9al-based dispute prevention and resolution firm specializing in civil and commercial law, representing entrepreneurs and individuals.","og_url":"https:\/\/forsetiavocats.ca\/en\/about-us\/","og_site_name":"Forseti","article_modified_time":"2022-04-20T18:43:33+00:00","twitter_card":"summary_large_image","twitter_misc":{"Est. reading time":"4 minutes"},"schema":{"@context":"https:\/\/schema.org","@graph":[{"@type":"WebPage","@id":"https:\/\/forsetiavocats.ca\/en\/about-us\/","url":"https:\/\/forsetiavocats.ca\/en\/about-us\/","name":"Forseti - Litigation and Dispute Resolution Boutique | About Us","isPartOf":{"@id":"https:\/\/forsetiavocats.ca\/#website"},"datePublished":"2022-03-18T15:02:13+00:00","dateModified":"2022-04-20T18:43:33+00:00","description":"Forseti is a Montr\u00e9al-based dispute prevention and resolution firm specializing in civil and commercial law, representing entrepreneurs and individuals.","breadcrumb":{"@id":"https:\/\/forsetiavocats.ca\/en\/about-us\/#breadcrumb"},"inLanguage":"en-US","potentialAction":[{"@type":"ReadAction","target":["https:\/\/forsetiavocats.ca\/en\/about-us\/"]}]},{"@type":"BreadcrumbList","@id":"https:\/\/forsetiavocats.ca\/en\/about-us\/#breadcrumb","itemListElement":[{"@type":"ListItem","position":1,"name":"Accueil","item":"https:\/\/forsetiavocats.ca\/en\/"},{"@type":"ListItem","position":2,"name":"About us"}]},{"@type":"WebSite","@id":"https:\/\/forsetiavocats.ca\/#website","url":"https:\/\/forsetiavocats.ca\/","name":"Forseti","description":"Boutique litige en r\u00e9solution de diff\u00e9rends.","publisher":{"@id":"https:\/\/forsetiavocats.ca\/#organization"},"potentialAction":[{"@type":"SearchAction","target":{"@type":"EntryPoint","urlTemplate":"https:\/\/forsetiavocats.ca\/?s={search_term_string}"},"query-input":{"@type":"PropertyValueSpecification","valueRequired":true,"valueName":"search_term_string"}}],"inLanguage":"en-US"},{"@type":"Organization","@id":"https:\/\/forsetiavocats.ca\/#organization","name":"Forseti - Boutique litige en r\u00e9solution de diff\u00e9rends","url":"https:\/\/forsetiavocats.ca\/","logo":{"@type":"ImageObject","inLanguage":"en-US","@id":"https:\/\/forsetiavocats.ca\/#\/schema\/logo\/image\/","url":"https:\/\/forsetiavocats.ca\/wp-content\/uploads\/2022\/03\/logo-forseti.png","contentUrl":"https:\/\/forsetiavocats.ca\/wp-content\/uploads\/2022\/03\/logo-forseti.png","width":520,"height":100,"caption":"Forseti - Boutique litige en r\u00e9solution de diff\u00e9rends"},"image":{"@id":"https:\/\/forsetiavocats.ca\/#\/schema\/logo\/image\/"}}]}},"_links":{"self":[{"href":"https:\/\/forseti.devrouge.com\/en\/wp-json\/wp\/v2\/pages\/408","targetHints":{"allow":["GET"]}}],"collection":[{"href":"https:\/\/forseti.devrouge.com\/en\/wp-json\/wp\/v2\/pages"}],"about":[{"href":"https:\/\/forseti.devrouge.com\/en\/wp-json\/wp\/v2\/types\/page"}],"author":[{"embeddable":true,"href":"https:\/\/forseti.devrouge.com\/en\/wp-json\/wp\/v2\/users\/1"}],"replies":[{"embeddable":true,"href":"https:\/\/forseti.devrouge.com\/en\/wp-json\/wp\/v2\/comments?post=408"}],"version-history":[{"count":3,"href":"https:\/\/forseti.devrouge.com\/en\/wp-json\/wp\/v2\/pages\/408\/revisions"}],"predecessor-version":[{"id":431,"href":"https:\/\/forseti.devrouge.com\/en\/wp-json\/wp\/v2\/pages\/408\/revisions\/431"}],"wp:attachment":[{"href":"https:\/\/forseti.devrouge.com\/en\/wp-json\/wp\/v2\/media?parent=408"}],"curies":[{"name":"wp","href":"https:\/\/api.w.org\/{rel}","templated":true}]}}